{"id":15947,"date":"2020-09-01T10:32:12","date_gmt":"2020-09-01T10:32:12","guid":{"rendered":"https:\/\/www.thomis.ch\/impressum\/"},"modified":"2021-11-09T14:07:54","modified_gmt":"2021-11-09T13:07:54","slug":"impressum","status":"publish","type":"page","link":"https:\/\/www.thomis.ch\/en\/impressum\/","title":{"rendered":"Impressum"},"content":{"rendered":"\t\t<div data-elementor-type=\"wp-page\" data-elementor-id=\"15947\" class=\"elementor elementor-15947 elementor-761\">\n\t\t\t\t\t\t<section class=\"elementor-section elementor-top-section elementor-element elementor-element-3f2e481a elementor-section-boxed elementor-section-height-default elementor-section-height-default\" data-id=\"3f2e481a\" data-element_type=\"section\" data-e-type=\"section\">\n\t\t\t\t\t\t<div class=\"elementor-container elementor-column-gap-default\">\n\t\t\t\t\t<div class=\"elementor-column elementor-col-100 elementor-top-column elementor-element elementor-element-5c02b736\" data-id=\"5c02b736\" data-element_type=\"column\" data-e-type=\"column\">\n\t\t\t<div class=\"elementor-widget-wrap elementor-element-populated\">\n\t\t\t\t\t\t<div class=\"elementor-element elementor-element-4ebbdb32 elementor-widget elementor-widget-text-editor\" data-id=\"4ebbdb32\" data-element_type=\"widget\" data-e-type=\"widget\" data-widget_type=\"text-editor.default\">\n\t\t\t\t<div class=\"elementor-widget-container\">\n\t\t\t\t\t\t\t\t\t<h2>Herausgeber<\/h2><p>Alfredo &amp; Eva Thomi<br \/>Kilchstatt 747A<br \/>CH \u2013 3826 Gimmelwald<\/p><p>T + 41 32 365 70 77<br \/><a href=\"javascript:secureDecryptAndNavigate('y1ERCj3N5EjkLxy0hg6oehjQJgcxvDsG4QLnFaNhogNI74F8INCYfmxF7kTYTHPKRgrzyK0e+4Dg9rVZriZE0\/SM3eaJ', '838ed3055ce524cc40237945d6c34551eed8bdddb9f0f857e0db28edd33a6fdc')\">i&#110;&#102;o&#64;t&#104;&#111;m&#105;&#115;.&#99;h<\/a><\/p><h2>Design<\/h2><p>Eva Thomi<\/p><h2>Technische Umsetzung<\/h2><p>Alfredo Thomi<\/p><p>mit der wertvollen Unterst\u00fctzung von:<br \/>Micheal Fuchs\/Fox Computers<br \/>Rheinfeldstrasse 78<br \/>CH-4450 Sissach<br \/><a href=\"https:\/\/www.foxcomputers.ch\" target=\"_blank\" rel=\"noopener\">www.foxcomputers.ch<\/a><\/p><h2>Haftungsausschluss<\/h2><p>Der\/die Autor*in \u00fcbernimmt keinerlei Gew\u00e4hr hinsichtlich der inhaltlichen Richtigkeit, Genauigkeit, Aktualit\u00e4t, Zuverl\u00e4ssigkeit und Vollst\u00e4ndigkeit der Informationen. Haftungsanspr\u00fcche gegen die den\/die Autor*in wegen Sch\u00e4den materieller oder immaterieller Art, welche aus dem Zugriff oder der Nutzung bzw. Nichtnutzung der ver\u00f6ffentlichten Informationen, durch Missbrauch der Verbindung oder durch technische St\u00f6rungen entstanden sind, werden ausgeschlossen. Alle Angebote sind unverbindlich. Der\/die Autor*in beh\u00e4lt sich ausdr\u00fccklich vor, Teile der Seiten oder das gesamte Angebot ohne gesonderte Ank\u00fcndigung zu ver\u00e4ndern, zu erg\u00e4nzen, zu l\u00f6schen oder die Ver\u00f6ffentlichung zeitweise oder endg\u00fcltig einzustellen.<\/p><h2>Haftung f\u00fcr Links<\/h2><p>Bei direkten oder indirekten Verweisen auf fremde Internetseiten (\u201eLinks\u201c), die ausserhalb des Verantwortungsbereiches des\/der Autor*in liegen, w\u00fcrde eine Haftungsverpflichtung ausschliesslich in dem Fall in Kraft treten, in dem der\/die Autor*in von den Inhalten Kenntnis haben und es ihnen technisch m\u00f6glich und zumutbar w\u00e4re, die Nutzung im Falle rechtswidriger Inhalte zu verhindern. Der\/die Autor*in erkl\u00e4rt hiermit ausdr\u00fccklich, dass zum Zeitpunkt der Linksetzung keine illegalen Inhalte auf den zu verlinkenden Seiten erkennbar waren. Auf die aktuelle und zuk\u00fcnftige Gestaltung, die Inhalte oder die Urheberschaft der gelinkten\/verkn\u00fcpften Seiten hat der\/die Autor*in keinerlei Einfluss. Deshalb distanzieren sie sich hiermit ausdr\u00fccklich von allen Inhalten aller gelinkten \/verkn\u00fcpften Seiten, die nach der Linksetzung ver\u00e4ndert wurden. Diese Feststellung gilt f\u00fcr alle innerhalb des eigenen Internetangebotes gesetzten Links und Verweise sowie f\u00fcr Fremdeintr\u00e4ge in von dem\/der Autor*in eingerichteten G\u00e4steb\u00fcchern, Diskussionsforen und Mailinglisten. F\u00fcr illegale, fehlerhafte oder unvollst\u00e4ndige Inhalte und insbesondere f\u00fcr Sch\u00e4den, die aus der Nutzung oder Nichtnutzung solcherart dargebotener Informationen entstehen, haftet allein der Anbieter der Seite, auf welche verwiesen wurde, nicht derjenige, der \u00fcber Links auf die jeweilige Ver\u00f6ffentlichung lediglich verweist.<\/p><h2>Urheberrechte<\/h2><p>Die Urheber- und alle anderen Rechte an Inhalten, Bildern, Fotos oder anderen Dateien auf der Website geh\u00f6ren ausschliesslich <strong>Alfredo &amp; Eva Thomi<\/strong> oder den speziell genannten Rechtsinhabern. F\u00fcr die Reproduktion jeglicher Elemente ist die schriftliche Zustimmung der Urheberrechtstr\u00e4ger im Voraus einzuholen.<\/p><p>Der\/die Autor*in ist bestrebt, in allen Publikationen die Urheberrechte der verwendeten Grafiken, Tondokumente, Videosequenzen und Texte zu beachten, von ihnen selbst erstellte Grafiken, Tondokumente, Videosequenzen und Texte zu nutzen oder auf lizenzfreie Grafiken, Tondokumente, Videosequenzen und Texte zur\u00fcckzugreifen. Alle innerhalb des Internetangebotes genannten und ggf. durch Dritte gesch\u00fctzten Marken- und Warenzeichen unterliegen uneingeschr\u00e4nkt den Bestimmungen des jeweils g\u00fcltigen Kennzeichenrechts und den Besitzrechten der jeweiligen eingetragenen Eigent\u00fcmer. Allein aufgrund der blossen Nennung ist nicht der Schluss zu ziehen, dass Markenzeichen nicht durch Rechte Dritter gesch\u00fctzt sind. Das Copyright f\u00fcr ver\u00f6ffentlichte, von dem\/der Autor*in selbst erstellten Objekten bleibt allein beim\/bei der Autor*in der Seiten. Eine Vervielf\u00e4ltigung oder Verwendung solcher Grafiken, Tondokumente, Videosequenzen und Texte in anderen elektronischen oder gedruckten Publikationen ist ohne ausdr\u00fcckliche Zustimmung des\/der Autor*in nicht gestattet.<\/p>\t\t\t\t\t\t\t\t<\/div>\n\t\t\t\t<\/div>\n\t\t\t\t\t<\/div>\n\t\t<\/div>\n\t\t\t\t\t<\/div>\n\t\t<\/section>\n\t\t\t\t<\/div>\n\t\t","protected":false},"excerpt":{"rendered":"<p>Herausgeber Alfredo &amp; Eva ThomiKilchstatt 747ACH \u2013 3826 Gimmelwald T + 41 32 365 70 77in&#102;o&#64;th&#111;&#109;&#105;&#115;&#46;ch Design Eva Thomi Technische Umsetzung Alfredo Thomi mit der wertvollen Unterst\u00fctzung von:Micheal Fuchs\/Fox ComputersRheinfeldstrasse 78CH-4450 Sissachwww.foxcomputers.ch Haftungsausschluss Der\/die Autor*in \u00fcbernimmt keinerlei Gew\u00e4hr hinsichtlich der inhaltlichen Richtigkeit, Genauigkeit, Aktualit\u00e4t, Zuverl\u00e4ssigkeit und Vollst\u00e4ndigkeit der Informationen. Haftungsanspr\u00fcche gegen die den\/die Autor*in wegen <a href=\"https:\/\/www.thomis.ch\/en\/impressum\/\" class=\"more-link\">&#8230;<span class=\"screen-reader-text\">  Impressum<\/span><\/a><\/p>\n","protected":false},"author":1,"featured_media":0,"parent":0,"menu_order":0,"comment_status":"closed","ping_status":"closed","template":"","meta":{"_acf_changed":false,"footnotes":""},"class_list":["post-15947","page","type-page","status-publish","hentry"],"acf":[],"yoast_head":"<!-- This site is optimized with the Yoast SEO plugin v27.3 - https:\/\/yoast.com\/product\/yoast-seo-wordpress\/ -->\n<title>Impressum - THOMIS<\/title>\n<meta name=\"robots\" content=\"index, follow, max-snippet:-1, max-image-preview:large, max-video-preview:-1\" \/>\n<link rel=\"canonical\" href=\"https:\/\/www.thomis.ch\/en\/impressum\/\" \/>\n<meta property=\"og:locale\" content=\"en_US\" \/>\n<meta property=\"og:type\" content=\"article\" \/>\n<meta property=\"og:title\" content=\"Impressum - THOMIS\" \/>\n<meta property=\"og:description\" content=\"Herausgeber Alfredo &amp; Eva ThomiKilchstatt 747ACH \u2013 3826 Gimmelwald T + 41 32 365 70 77info&#064;thomis&#046;c&#104; Design Eva Thomi Technische Umsetzung Alfredo Thomi mit der wertvollen Unterst\u00fctzung von:Micheal Fuchs\/Fox ComputersRheinfeldstrasse 78CH-4450 Sissachwww.foxcomputers.ch Haftungsausschluss Der\/die Autor*in \u00fcbernimmt keinerlei Gew\u00e4hr hinsichtlich der inhaltlichen Richtigkeit, Genauigkeit, Aktualit\u00e4t, Zuverl\u00e4ssigkeit und Vollst\u00e4ndigkeit der Informationen. Haftungsanspr\u00fcche gegen die den\/die Autor*in wegen ... Impressum\" \/>\n<meta property=\"og:url\" content=\"https:\/\/www.thomis.ch\/en\/impressum\/\" \/>\n<meta property=\"og:site_name\" content=\"THOMIS\" \/>\n<meta property=\"article:modified_time\" content=\"2021-11-09T13:07:54+00:00\" \/>\n<meta name=\"twitter:card\" content=\"summary_large_image\" \/>\n<meta name=\"twitter:label1\" content=\"Est. reading time\" \/>\n\t<meta name=\"twitter:data1\" content=\"3 minutes\" \/>\n<script type=\"application\/ld+json\" class=\"yoast-schema-graph\">{\"@context\":\"https:\\\/\\\/schema.org\",\"@graph\":[{\"@type\":\"WebPage\",\"@id\":\"https:\\\/\\\/www.thomis.ch\\\/en\\\/impressum\\\/\",\"url\":\"https:\\\/\\\/www.thomis.ch\\\/en\\\/impressum\\\/\",\"name\":\"Impressum - THOMIS\",\"isPartOf\":{\"@id\":\"https:\\\/\\\/www.thomis.ch\\\/en\\\/#website\"},\"datePublished\":\"2020-09-01T10:32:12+00:00\",\"dateModified\":\"2021-11-09T13:07:54+00:00\",\"breadcrumb\":{\"@id\":\"https:\\\/\\\/www.thomis.ch\\\/en\\\/impressum\\\/#breadcrumb\"},\"inLanguage\":\"en-US\",\"potentialAction\":[{\"@type\":\"ReadAction\",\"target\":[\"https:\\\/\\\/www.thomis.ch\\\/en\\\/impressum\\\/\"]}]},{\"@type\":\"BreadcrumbList\",\"@id\":\"https:\\\/\\\/www.thomis.ch\\\/en\\\/impressum\\\/#breadcrumb\",\"itemListElement\":[{\"@type\":\"ListItem\",\"position\":1,\"name\":\"Home\",\"item\":\"https:\\\/\\\/www.thomis.ch\\\/en\\\/\"},{\"@type\":\"ListItem\",\"position\":2,\"name\":\"Impressum\"}]},{\"@type\":\"WebSite\",\"@id\":\"https:\\\/\\\/www.thomis.ch\\\/en\\\/#website\",\"url\":\"https:\\\/\\\/www.thomis.ch\\\/en\\\/\",\"name\":\"Thomis HP\",\"description\":\"\",\"potentialAction\":[{\"@type\":\"SearchAction\",\"target\":{\"@type\":\"EntryPoint\",\"urlTemplate\":\"https:\\\/\\\/www.thomis.ch\\\/en\\\/?s={search_term_string}\"},\"query-input\":{\"@type\":\"PropertyValueSpecification\",\"valueRequired\":true,\"valueName\":\"search_term_string\"}}],\"inLanguage\":\"en-US\"}]}<\/script>\n<!-- \/ Yoast SEO plugin. -->","yoast_head_json":{"title":"Impressum - THOMIS","robots":{"index":"index","follow":"follow","max-snippet":"max-snippet:-1","max-image-preview":"max-image-preview:large","max-video-preview":"max-video-preview:-1"},"canonical":"https:\/\/www.thomis.ch\/en\/impressum\/","og_locale":"en_US","og_type":"article","og_title":"Impressum - THOMIS","og_description":"Herausgeber Alfredo &amp; Eva ThomiKilchstatt 747ACH \u2013 3826 Gimmelwald T + 41 32 365 70 77&#105;&#110;&#102;o&#64;&#116;ho&#109;i&#115;.ch Design Eva Thomi Technische Umsetzung Alfredo Thomi mit der wertvollen Unterst\u00fctzung von:Micheal Fuchs\/Fox ComputersRheinfeldstrasse 78CH-4450 Sissachwww.foxcomputers.ch Haftungsausschluss Der\/die Autor*in \u00fcbernimmt keinerlei Gew\u00e4hr hinsichtlich der inhaltlichen Richtigkeit, Genauigkeit, Aktualit\u00e4t, Zuverl\u00e4ssigkeit und Vollst\u00e4ndigkeit der Informationen. Haftungsanspr\u00fcche gegen die den\/die Autor*in wegen ... Impressum","og_url":"https:\/\/www.thomis.ch\/en\/impressum\/","og_site_name":"THOMIS","article_modified_time":"2021-11-09T13:07:54+00:00","twitter_card":"summary_large_image","twitter_misc":{"Est. reading time":"3 minutes"},"schema":{"@context":"https:\/\/schema.org","@graph":[{"@type":"WebPage","@id":"https:\/\/www.thomis.ch\/en\/impressum\/","url":"https:\/\/www.thomis.ch\/en\/impressum\/","name":"Impressum - THOMIS","isPartOf":{"@id":"https:\/\/www.thomis.ch\/en\/#website"},"datePublished":"2020-09-01T10:32:12+00:00","dateModified":"2021-11-09T13:07:54+00:00","breadcrumb":{"@id":"https:\/\/www.thomis.ch\/en\/impressum\/#breadcrumb"},"inLanguage":"en-US","potentialAction":[{"@type":"ReadAction","target":["https:\/\/www.thomis.ch\/en\/impressum\/"]}]},{"@type":"BreadcrumbList","@id":"https:\/\/www.thomis.ch\/en\/impressum\/#breadcrumb","itemListElement":[{"@type":"ListItem","position":1,"name":"Home","item":"https:\/\/www.thomis.ch\/en\/"},{"@type":"ListItem","position":2,"name":"Impressum"}]},{"@type":"WebSite","@id":"https:\/\/www.thomis.ch\/en\/#website","url":"https:\/\/www.thomis.ch\/en\/","name":"Thomis HP","description":"","potentialAction":[{"@type":"SearchAction","target":{"@type":"EntryPoint","urlTemplate":"https:\/\/www.thomis.ch\/en\/?s={search_term_string}"},"query-input":{"@type":"PropertyValueSpecification","valueRequired":true,"valueName":"search_term_string"}}],"inLanguage":"en-US"}]}},"_links":{"self":[{"href":"https:\/\/www.thomis.ch\/en\/wp-json\/wp\/v2\/pages\/15947","targetHints":{"allow":["GET"]}}],"collection":[{"href":"https:\/\/www.thomis.ch\/en\/wp-json\/wp\/v2\/pages"}],"about":[{"href":"https:\/\/www.thomis.ch\/en\/wp-json\/wp\/v2\/types\/page"}],"author":[{"embeddable":true,"href":"https:\/\/www.thomis.ch\/en\/wp-json\/wp\/v2\/users\/1"}],"replies":[{"embeddable":true,"href":"https:\/\/www.thomis.ch\/en\/wp-json\/wp\/v2\/comments?post=15947"}],"version-history":[{"count":18,"href":"https:\/\/www.thomis.ch\/en\/wp-json\/wp\/v2\/pages\/15947\/revisions"}],"predecessor-version":[{"id":16407,"href":"https:\/\/www.thomis.ch\/en\/wp-json\/wp\/v2\/pages\/15947\/revisions\/16407"}],"wp:attachment":[{"href":"https:\/\/www.thomis.ch\/en\/wp-json\/wp\/v2\/media?parent=15947"}],"curies":[{"name":"wp","href":"https:\/\/api.w.org\/{rel}","templated":true}]}}